{"id":945,"date":"2019-12-22T11:52:54","date_gmt":"2019-12-22T10:52:54","guid":{"rendered":"https:\/\/www.ff-oberrosenberg.at\/www\/?page_id=945"},"modified":"2019-12-23T09:33:41","modified_gmt":"2019-12-23T08:33:41","slug":"chronik","status":"publish","type":"page","link":"https:\/\/www.ff-oberrosenberg.at\/www\/chronik\/","title":{"rendered":"Chronik"},"content":{"rendered":"<div class=\"fusion-fullwidth fullwidth-box fusion-builder-row-1 nonhundred-percent-fullwidth non-hundred-percent-height-scrolling\" style=\"background-color: #242424;background-position: center center;background-repeat: no-repeat;padding-top:80px;padding-right:0px;padding-bottom:100px;padding-left:0px;margin-bottom: 0px;margin-top: 0px;border-width: 0px 0px 0px 0px;border-color:#3e3e3e;border-style:solid;\" ><div class=\"fusion-builder-row fusion-row\"><div class=\"fusion-layout-column fusion_builder_column fusion-builder-column-0 fusion_builder_column_1_1 1_1 fusion-one-full fusion-column-first fusion-column-last\" style=\"margin-top:0px;margin-bottom:20px;\"><div class=\"fusion-column-wrapper fusion-flex-column-wrapper-legacy\" style=\"background-position:left top;background-repeat:no-repeat;-webkit-background-size:cover;-moz-background-size:cover;-o-background-size:cover;background-size:cover;padding: 0px 0px 0px 0px;\"><div class=\"fusion-text fusion-text-1\"><h2 style=\"text-align: center;\">DAS ZUSTANDEKOMMEN DER ROSENBERGLER WEHR<\/h2>\n<\/div><div class=\"imageframe-align-center\"><span class=\" fusion-imageframe imageframe-none imageframe-1 hover-type-none\"><img decoding=\"async\" width=\"30\" height=\"12\" title=\"divider-xx-red\" src=\"data:image\/svg+xml,%3Csvg%20xmlns%3D%27http%3A%2F%2Fwww.w3.org%2F2000%2Fsvg%27%20width%3D%2730%27%20height%3D%2712%27%20viewBox%3D%270%200%2030%2012%27%3E%3Crect%20width%3D%2730%27%20height%3D%2712%27%20fill-opacity%3D%220%22%2F%3E%3C%2Fsvg%3E\" data-orig-src=\"https:\/\/www.ff-oberrosenberg.at\/www\/wp-content\/uploads\/2015\/05\/divider-xx-red.png\" alt class=\"lazyload img-responsive wp-image-120\"\/><\/span><\/div><div class=\"fusion-sep-clear\"><\/div><div class=\"fusion-separator fusion-full-width-sep\" style=\"margin-left: auto;margin-right: auto;width:100%;\"><\/div><div class=\"fusion-sep-clear\"><\/div><div class=\"fusion-text fusion-text-2\"><p>Am Beginn des 20. Jahrhunderts, war es ein Anliegen der Bev\u00f6lkerung, vor der bef\u00fcrchteten Feuersbrunst eine Feuerwehr zu gr\u00fcnden. Gab es zu diesem Zeitpunkt zwar schon die \u201eBrandschadensversicherung\u201c, doch war diese nicht f\u00fcr alle Familien leistbar! Aus diesem Grunde, erkl\u00e4rten sich 1909 einige Besitzer aus der damaligen Gemeinde bereit einen Jagdpachtschilling f\u00fcr die Gr\u00fcndung einer Freiwilligen Feuerwehr bereit zu stellen. Unter ihnen waren unter anderem Johann Raggam und Rudolf Kern, diese beiden Herrschaften \u00fcbernahmen die Eigeninitiative! Im Jahre 1910 erkl\u00e4rten sich 30 Mann bereit, sich der FF am 01.Februar anzuschlie\u00dfen.<img decoding=\"async\" class=\"lazyload size-full wp-image-949 alignright\" src=\"https:\/\/www.ff-oberrosenberg.at\/www\/wp-content\/uploads\/2019\/12\/heiliger-florian2.png\" data-orig-src=\"https:\/\/www.ff-oberrosenberg.at\/www\/wp-content\/uploads\/2019\/12\/heiliger-florian2.png\" alt=\"\" width=\"200\" height=\"315\" srcset=\"data:image\/svg+xml,%3Csvg%20xmlns%3D%27http%3A%2F%2Fwww.w3.org%2F2000%2Fsvg%27%20width%3D%27200%27%20height%3D%27315%27%20viewBox%3D%270%200%20200%20315%27%3E%3Crect%20width%3D%27200%27%20height%3D%27315%27%20fill-opacity%3D%220%22%2F%3E%3C%2Fsvg%3E\" data-srcset=\"https:\/\/www.ff-oberrosenberg.at\/www\/wp-content\/uploads\/2019\/12\/heiliger-florian2-190x300.png 190w, https:\/\/www.ff-oberrosenberg.at\/www\/wp-content\/uploads\/2019\/12\/heiliger-florian2.png 200w\" data-sizes=\"auto\" data-orig-sizes=\"(max-width: 200px) 100vw, 200px\" \/><\/p>\n<p>Die erste offizielle Wehrversammlung, in welcher die Wahl des Hauptmannes und des Stellvertreters vorgenommen wurde, ist am 10. M\u00e4rz 1910 abgehalten worden! Unter der gesamten damaligen Wehrversammlung wurden aus der Wahl einstimmig Hr. Johann Raggam zum Hauptmann und Hr. Rudolf Kern zum Stellvertreter gew\u00e4hlt. Der erste Kassier aus\u00a0dieser Wehr war Hr. Johann List und Hr. Alois Pail der erste Schriftf\u00fchrer! Somit wurde der Randstein unter dem Namen Freiwilligen Feuerwehr Rosenberg bei Mureck gelegt und dem konnte nichts mehr im Wege stehen! Die erste Aktivit\u00e4t im Bereich der Wehr war unter anderem der im April get\u00e4tigte Zukauf einer Handdruckspritze, welche auf einem Pferdefuhrwerk mobil war! Die Einweihung dieser Spritze erfolgte von Hr. Pfarrer Clemens Kolli im Juni des Jahres 1910 beim Gr\u00fcndungsfest. Aus den Protokollen geht hervor, dass an jedem Sonntag eine \u00dcbung abgehalten\u00a0worden ist. Das damalige R\u00fcsthaus &#8211; einem Holzbau mit Steigerturm\u00a0\u2013 wurde der Grund sowie die Baumaterialien vom Grafen von Brunnsee\u00a0gestiftet! Den ersten protokollierten Brandeinsatz, und die damit bestandene Feuertaufe der Spritze, wurde am 15. April 1911 beim Anwesen\u00a0Zelezem vlg. \u201eFoschmichl\u201c absolviert. Somit wurde am 06. J\u00e4nner 1931 bei der Wehrversammlung zum Zwecke einer Neuwahl, Hr. Emmerich Raggam\u00a0zum Hauptmann und Hr. August Siegl wieder zum Stellvertreter gew\u00e4hlt.<\/p>\n<p>Auch schon in der damaligen Zeit, machte sich der technische Fortschritt im Feuerwehrwesen breit. Es wurde im Jahre 1935 unter gro\u00dfartiger Unterst\u00fctzung der Bev\u00f6lkerung (mit Hilfe von Patinnen) und den erwirtschafteten Einnahmen aus dem Berglerball eine Motorspritze angekauft. Der Mitgliederstand bewegte sich in all den Jahren im Bereich\u00a0von ca. 40 Mann! In den Kriegsjahren \u2013 des Zweiten Weltkrieges, beginnend 1939 \u2013 1945, gab es in Oberrosenberg eine Frauengruppe auf Grund des Abzuges der M\u00e4nner in den jeweiligen Gebieten, sie wurde vom damaligen Zugsf\u00fchrer Johann Puchleitner sen. gef\u00fchrt. Nach dem Krieg wurde mit dem Wiederaufbau und der Nachbesetzung im Bereich der gesamten Wehr begonnen!<\/p>\n<p>Im Jahre 1955 wurde der bisher eingetragene Name der Feuerwehr von Freiwilliger Feuerwehr Rosenberg bei Mureck auf den Namen der Gemeinde \u2013 Freiwillige Feuerwehr Rohrbach am Rosenberg ge\u00e4ndert. Der damalige B\u00fcrgermeister dieser Gemeinde war Hr. Emmerich Raggam vlg. \u201eEckhans\u201c. Ebenfalls im Jahre 1955 wurde der langj\u00e4hrige und treue Kamerad Hr. August Siegl von Hr Emmerich Pichler als Stellvertreter abgel\u00f6st! Hauptmann und auch B\u00fcrgermeister zur damaligen Zeit, Hr. Emmerich Raggam sen. stellte 1958 den Antrag ein neues R\u00fcsthaus zu\u00a0bauen. Er konnte seine Idee leider nicht mehr in die Tat umsetzen \u2013 er verstarb im September 1958. So verlor die Feuerwehr und auch die Gemeinde einen bereits sehr fortschrittlich agierenden Menschen und treuen Kameraden. Somit wurde Hr. Emmerich Pichler, welcher mit der Wehrf\u00fchrung am 06. J\u00e4nner 1959 bei der Wehrversammlung als Hauptmann gew\u00e4hlt wurde, betraut! An seiner Seite wurde Hr. Franz Fauland gestellt, dieses Team verwirklichte noch im selben Jahr, den Neubau des R\u00fcsthauses! Es wurde ein Kreditrahmen in der H\u00f6he von \u00d6S 5.000,- bei der Raiffeisenkassa Sankt Peter aufgenommen \u2013 wobei Hr. Alois Hirschmann\u00a0sen. die B\u00fcrgschaft \u00fcbernahm. Am 15. August 1960 wurde das fertig gestellte neue Feuerwehrgeb\u00e4ude unter gro\u00dfartiger Unterst\u00fctzung der \u201eRosenbergler\u201c seiner Bestimmung \u00fcbergeben! Die Einweihungsfeier wurde\u00a0von Hr. Pfarrer Raggam und dem Geistlichen Rat Hr. Franz Pontenpelli vorgenommen. 1962 wurde ein Spritzen &#8211; und Mannschaftsfahrzeug, ein Traktoranh\u00e4nger der Marke Rosenbauer angeschafft. 1967 wurde die bestehende schon in die Jahre gekommene Pumpe durch eine neue Tragkraftspritze der Marke Rosenbauer Automatik 75 VW ersetzt. Im Jahre 1971 wurde auch ein Kleinl\u00f6schfahrzeug \u2013 KLF \u2013 Ford Transit, dessen Kosten \u00d6S 78.000,- betrugen sowie eine Schmutzwasserpumpe und entsprechende Funkger\u00e4tschaften gekauft. Im Jahre 1972 wurde auch eine Elektroinstallation im Feuerwehrhaus durchgef\u00fchrt und die entsprechende L\u00f6schwasserversorgung wurde ausgebaut. Unter der Leitung von Hr. Emmerich Pichler und Franz Fauland pulsierte die Feuerwehr Rohrbach am Rosenberg zu H\u00f6chstleistungen. L\u00f6schgruppen nahmen an Bewerben teil, und sogar eine erfolgreiche Jugendgruppe unter der Leitung von Hr. Alois Pucher hatte sch\u00f6ne Erfolge zu feiern. Hr. Emmerich Pichler, wurde am 22. November 1995, das Verdienstzeichen des Landes Steiermark\u00a0als Dank f\u00fcr seinen Aktivismus in der Feuerwehr als Hauptmann verliehen,\u00a0f\u00fchrte er die Wehr doch 21 Jahre in der \u00d6ffentlichkeit! Im Mai 1980,\u00a0legte Hr. Emmerich Pichler aus Altergr\u00fcnden seine Funktion als Hauptmann zur\u00fcck \u2013 und eine neue F\u00fchrung wurde gew\u00e4hlt! Unter dem Vorsitz von Hr. Bgm. Franz Thuswohl sen. und Bzkdt. Karl Neubauer wurde Hr.\u00a0Johann Kerngast als Hauptmann zusammen mit Hr. Alois Pucher als Stellvertreter gew\u00e4hlt! Sofort wurde mit der Renovierung des R\u00fcsthauses begonnen.\u00a0Hr. Johann Kerngast und Hr. Alois Pucher, legten gr\u00f6\u00dften Wert auf Teamwork innerhalb der Feuerwehr, so wurden auch mit der Jugend der FF Oberrosenberg sehr sch\u00f6ne Erfolge gefeiert. 1983 baute man den L\u00f6schwasserbeh\u00e4lter \u201ePirchfranzenteich\u201c. Im Fr\u00fchjahr 1984 wurde mit dem Zubau eines Schulungsraumes begonnen, der sehr viel Substanz von den Verantwortlichen und von den Mitgliedern abn\u00f6tigte. Der heutige EBHI und damalige Kommandant Hr. Johann Kerngast legte im J\u00e4nner 1986 das Amt des Kommandanten usammen mit dem Stellvertreter Hr. Alois Pucher nieder. Nach mehreren und intensiven Gespr\u00e4chen innerhalb der Feuerwehr, erkl\u00e4rte sich Hr. Alois Sommer zusammen mit Hr. Johann Ertl bereit, die F\u00fchrung der Wehr zu \u00fcbernehmen. Die Wahl wurde am 23. Februar unter dem Vorsitz von Hr. Brandmeister Johann Puchleitner abgehalten. Als Hauptbrand-inspektor wurde Hr. Alois Sommer und als Oberbrandinspektor Hr. Johann Ertl gew\u00e4hlt. Der Kommandant absolvierte\u00a0die noch ausstehenden Kurse bei der Feuerwehr- und Zivilschutzschule in Lebring und holte diese somit nach. F\u00fcr die Fertigstellung des R\u00fcsthauses mussten noch einige Arbeitsleistungen erbracht werden. Im Jahr 1989 wurde\u00a0mit der F\u00e4rbung und der Einrichtung des Schulungsraumes ein Schlussstrich\u00a0unter den Umbau gezogen. Es wurde bei der Wehrversammlung ein Antrag gestellt, ein neues KLF im darauffolgenden Jahr anzuschaffen. Im Jahre 1990, war wieder ein Wahljahr. Man konnte Hr. Alois Sommer, welcher seine Funktion als Kommandant nicht mehr zur Verf\u00fcgung stellte nicht mehr umstimmen. Somit wurde am 04. Februar 1990 Hr. Alois R\u00f6ck zusammen mit Hr. Rudolf Konrad mit der Leitung der Feuerwehr betraut! Im selben Jahr wurde das 80 j\u00e4hrige Gr\u00fcndungsfest am 22. Juli abgehalten, mit dem\u00a0Fest, erfolgte auch die heilige Segnung durch Hr. Pfarrer Alois Schwab. Der\u00a0Ankauf des bereits besprochenen KLFs wurde im Herbst 1990 vollzogen. Das KLF der Marke Lohr mit einer Motorisierung von 5 Zylinder, ist auch\u00a0heute noch das Streitpferd der FF Oberrosenberg. Im Jahre 1991, wurde das Fahrzeug eingeweiht und in den Dienst gestellt. Im Jahre 1994 legte Hr. Rudolf Konrad sen. seinen Dienst als Kassier nach 40 kompetenten und unerm\u00fcdlichen Jahren als solcher zur\u00fcck. Im Jahr 1995 wurde auch das R\u00fcsthaus neu gestrichen und auf der Vorderseite mit dem Hl. Florian bemalen durch eine gro\u00dfz\u00fcgige Spende unter anderem von Frau Karoline Zulus und auch Spenden aus der Bev\u00f6lkerung. Am 12. M\u00e4rz 1995 wurde das Duo mit Hr. Alois R\u00f6ck und seinem Stellvertreter Rudolf Konrad jun. neu gew\u00e4hlt. Es erfolgte auch die Umbenennung der Freiwilligen Feuerwehr Rohrbach am Rosenberg in Freiwillige Feuerwehr Oberrosenberg in der Anwesenheit vom damaligen BezKdt. Hr. Albert Kern \u2013 dem heutigen Pr\u00e4sident des \u00d6sterreichischem Bundesfeuerwehrverbandes! Am 25. M\u00e4rz\u00a01995 erging das Ansuchen an die Gemeinde Sankt Peter am Ottersbach. Es wurde bei der n\u00e4chsten Gemeinderatssitzung positiv bewilligt. Im Jahr 1996\u00a0wurde eine neue Tragkraftspritze angekauft \u2013 unsere bisherige Pumpe konnte somit nach 28 Dienstjahren und vier Kommandanten ausgeschieden werden.<\/p>\n<p>Im Jahr 1999 wurde \u00fcber die Anschaffung eines Notstromaggregates diskutiert, mit Hilfe von diversen Zuwendungen seitens der Gemeinde und des Landes sowie der Wehrkassa, konnte das Notstromaggregat im Jahr 2000\u00a0unser eigen genannt werden. Nach 10 j\u00e4hriger T\u00e4tigkeit, gab es im Jahr 2000 wieder einen Wechsel an der F\u00fchrung. Es wurde der Dank dem Kommandanten Hr. Alois R\u00f6ck und seinem Stellvertreter Hr. Konrad Rudolf jun. ausgesprochen. Unter der Neuwahl von Hr. Johann Puchleitner, wurde am 19. Februar 2000 der neue Kommandant Hr. Helmut Glauninger und sein Stellvertreter Hr. Franz Koller gew\u00e4hlt. Unter dem neuen F\u00fchrungsduo\u00a0wurde eine Heizung im R\u00fcsthaus installiert. Die Feuerstaufe der neuen F\u00fchrung, erfolgte beim Gro\u00dfbrand Kindermann im Jahre 2004. Im Jahr 2005, entschloss sich die Feuerwehrjugend der FF Oberrosenberg unter dem Training von Hr. Konrad Rudolf zur Bildung einer Bewerbsgruppe. Den ersten Bewerb, absolvierte die Gruppe in Weitersfeld im Jahr 2005. Von nun\u00a0an, waren dem Erfolg dieser Gruppe keine Grenzen mehr gesetzt, Jahr f\u00fcr Jahr und Training um Training konnte der Ehrgeiz, aber auch der Erfolg gesteigert werden \u2013 so gab es auch einen regen Zulauf zur Bewerbsgruppe innerhalb der Wehr selbst. Im Jahr 2005 wurde das R\u00fcsthaus neu gestrichen und renoviert, wiederum durch die Eigeninitiative der Oberrosenbergler! Im Jahr 2006 wurde auch der L\u00f6schwasserbeh\u00e4lter \u201ePirchfranzn\u201c\u00a0abgedichtet! Im Jahr 2008 konnte auf Grund intensiver Trainingseinheiten ein Wanderpokal innerhalb des Abschnittes Otterstal unser Eigen genannt werden \u2013 so erreichte unsere Bewerbsgruppe doch drei Mal in Folge\u00a0den ersten Platz unter dem Kommando von unserem HBI in der Bewerbsgruppe. Im Jahr 2009 wurden wir dann mit dem Titel Bezirkssieger Bezirk\u00a0Bad Radkersburg belohnt, waren wir doch die erste Feuerwehr aus dem Abschnitt Otterstal, welche diesen Sieg holen durfte! Die weiteren Aktivit\u00e4ten\u00a0in naher Zukunft f\u00fcr unsere Wehr werden zum einen der Umbau des Feuerwehrhauses sein, und zum anderen die Anschaffung eines neuen Feuerwehrfahrzeuges! 2010 wurde auch das 100 j\u00e4hrige Wiegenfest der FF Oberrosenberg Zusammen mit der Marktmusikkappelle Sasstal Siebing geb\u00fchrend gefeiert, dabei konnten auch zahlreiche Ehreng\u00e4ste aus dem Feuerwehrwesen und der Politik begr\u00fc\u00dft werden. Bez\u00fcglich des Umbauplanes wurde mit einem ersten Entwurf schon im Februar 2010 begonnen, Baumeister Franz Strohmeier sowie Planer Thomas Schantl hatten bereits zum oben genannten\u00a0Zeitpunkt einen ersten Entwurf eines m\u00f6glichen Zubaus konzipiert und bereitgestellt. Im Jahr 2010 mussten wir auch einen sehr aktiven Feuerwehrmann\u00a0aus unseren Reihen verabschieden. EV Konrad Rudolf sen. hatte 40 Jahre lang\u00a0den Auftrag die Finanzen der FF Oberrosenberg zusammen mit dem Vorstand zu f\u00fchren und zu \u00fcberwachen. Zudem wurde auch im Jahre 2010\u00a0wieder ein Nassbewerb im Zuge der Festlichkeiten abgehalten wo auch die FF Oberrosenberg sehr aktiv mitwirkte und den Sieg im Abschnitt mit einem\u00a0Wanderpokal holen konnte. Es waren auch G\u00e4stegruppen aktiv am Bewerb beteiligt.<\/p>\n<p>Zum zweiten Mal in Folge, konnten wir beim Bereichleistungsbewerb einem bei Nacht mit Flutlichtanlage durchgef\u00fchrten Bewerb in Hainsdorf den Bezirkssieg Bronze A, holen! 2011 wiederum trat die FF Oberrosenberg ebenfalls wieder beim Bereichsfeuerwehrbewerb an und konnte den erfolgreichen 2ten Platz im Bewerb Bronze A erringen. Einen herzlichen Dank auch an die\u00a0Leitung der Bewerbsgruppe allen voran LM d. F. Martin Hirschmann sowie allen Gruppenmitgliedern f\u00fcr den aufgebrachten Einsatz. 2011 war auch ein\u00a0Wahljahr und es kam zum entscheidenden Wahlsieg f\u00fcr unseren HBI Helmut Glauninger zusammen mit seinem OBI Franz Koller unter der Leitung von OBR\u00a0Edelsbrunner. Das sehr erfolgreich eingespielte Duo wurde mit 100% der abgegebenen Stimmen wiedergew\u00e4hlt. Im Dezember 2012 wurde unser eingereichter Plan mit dem Zubau einer Garage und dem n\u00f6tigen Umbau des bestehenden Geb\u00e4udes vom Landesfeuerwehrverband sowie allen beteiligten offiziellen F\u00f6rderstellen\u00a0bewilligt. Einen Dank auch an unseren damaligen Landesfeuerwehrkommandenten und heutigen Pr\u00e4sidenten des \u00d6sterreichischen Bundesfeuerwehrverbandes Albert Kern sowie unserem Bgm. Reinholt Ebner f\u00fcr\u00a0die aufgebrachte Unterst\u00fctzung und Mithilfe zur Bewilligung. Ein Danke\u00a0auch an die Familie Hirschmann, welche uns den Zubau erm\u00f6glichte indem sie uns Grundst\u00fcck zur Verf\u00fcgung stellte. Um den Zubau des FF Geb\u00e4udes leichter zu erm\u00f6glichen und um das Budget aufzustocken entschloss sich die\u00a0FF Oberrosenberg auch eine zus\u00e4tzliche Veranstaltung mit Live Band durchzuf\u00fchren \u2013 welche 2012 und 2013 zus\u00e4tzlich abgehalten wurde. Der Spatenstich f\u00fcr die baulich n\u00f6tigen Ver\u00e4nderungen erfolgte im J\u00e4nner des Jahres 2013 im Zuge der Wehrversammlung. 2014 gab es auch eine technische Umstellung des Feuerwehrfunkwesens wobei von Analogfunk auf Digitalfunk umgestellt wurde. Die Wehren wurden mit insgesamt 5 St\u00fcck Funkger\u00e4ten wobei eines ein Standfunkger\u00e4t ist ausgestattet und mit den Einschulungen wurde begonnen. Im Februar 2016 mussten wir auch unseren\u00a0EHBM Sommer Alois verabschieden, war er doch wesentlich am Geschehen der FF Oberrosenberg im Zuge seiner Kommandantschaft beteiligt.<\/p>\n<p>F\u00fcr die Zukunft w\u00fcnschen wir uns f\u00fcr die FF Oberrosenberg unfallfreie Eins\u00e4tze sowie einen gelebten Zusammenhalt in einer immer sich schneller ver\u00e4ndernden und flexibleren Umwelt. Sei es im Zuge von Kriegen wo auch das Feuerwehrwesen f\u00fcr Hilfeleistungen gegen\u00fcber Fl\u00fcchtlingen herangezogen werden kann. Blicken wir in eine positive Zukunft im Bereich der FF Oberrosenberg, entstand diese doch in einer Zeit wo der Zusammenhalt und die Kameradenhilfe Aspekte waren auf welche man sich verlassen musste und somit auch bis dato einige wirtschaftliche Engp\u00e4sse im Zuge der abgelaufenen 106 Jahre durchquert werden konnten und zuk\u00fcnftig durchquert werden k\u00f6nnen.<\/p>\n<\/div><div class=\"fusion-clearfix\"><\/div><\/div><\/div><\/div><\/div>\n","protected":false},"excerpt":{"rendered":"","protected":false},"author":1,"featured_media":0,"parent":0,"menu_order":0,"comment_status":"closed","ping_status":"closed","template":"100-width.php","meta":{"footnotes":""},"class_list":["post-945","page","type-page","status-publish","hentry"],"_links":{"self":[{"href":"https:\/\/www.ff-oberrosenberg.at\/www\/wp-json\/wp\/v2\/pages\/945"}],"collection":[{"href":"https:\/\/www.ff-oberrosenberg.at\/www\/wp-json\/wp\/v2\/pages"}],"about":[{"href":"https:\/\/www.ff-oberrosenberg.at\/www\/wp-json\/wp\/v2\/types\/page"}],"author":[{"embeddable":true,"href":"https:\/\/www.ff-oberrosenberg.at\/www\/wp-json\/wp\/v2\/users\/1"}],"replies":[{"embeddable":true,"href":"https:\/\/www.ff-oberrosenberg.at\/www\/wp-json\/wp\/v2\/comments?post=945"}],"version-history":[{"count":9,"href":"https:\/\/www.ff-oberrosenberg.at\/www\/wp-json\/wp\/v2\/pages\/945\/revisions"}],"predecessor-version":[{"id":1379,"href":"https:\/\/www.ff-oberrosenberg.at\/www\/wp-json\/wp\/v2\/pages\/945\/revisions\/1379"}],"wp:attachment":[{"href":"https:\/\/www.ff-oberrosenberg.at\/www\/wp-json\/wp\/v2\/media?parent=945"}],"curies":[{"name":"wp","href":"https:\/\/api.w.org\/{rel}","templated":true}]}}